{"id":16509,"date":"2020-08-24T09:45:01","date_gmt":"2020-08-24T07:45:01","guid":{"rendered":"https:\/\/www.neuperlach.org\/blog\/?page_id=16509"},"modified":"2025-12-25T11:13:51","modified_gmt":"2025-12-25T10:13:51","slug":"events","status":"publish","type":"page","link":"https:\/\/www.neuperlach.org\/blog\/events\/","title":{"rendered":"Events"},"content":{"rendered":"<h3 id=Feierwerk\"\">Feierwerk S\u00fcdpolstation<\/h3>\n<p>Zitat Website <a href=\"https:\/\/www.feierwerk.de\/kinder-jugend-familienprogramm\/suedpolstation\/ueber-uns\/wir-stellen-uns-vor\/\" target=\"_blank\" rel=\"noopener noreferrer\">Feierwerk S\u00fcdpolstation<\/a>:<\/p>\n<blockquote><p>Die Kinder- und Jugendfreizeitst\u00e4tte S\u00fcdpolstation gibt es in Neuperlach S\u00fcd bereits seit 1991. Mit ihren 957 m\u00b2 Nutzfl\u00e4che geh\u00f6rt die 2015 neuer\u00f6ffnete S\u00fcdpolstation zu den gr\u00f6\u00dften und am besten ausgestatteten Jugendeinrichtungen M\u00fcnchens.<\/p><\/blockquote>\n<p><strong>Adresse:<\/strong> Gustav-Heinemann-Ring 19, 81739 M\u00fcnchen, Telefon: 089\/637 37 87<\/p>\n<h3 id=\"Frauentreffpunkt\">Noch viel zu entdecken im Frauentreffpunkt Neuperlach<\/h3>\n<p>&nbsp;<\/p>\n<h6>\u00dcber den Frauentreffpunkt<\/h6>\n<p>Der Frauentreffpunkt ist eine Selbsthilfeeinrichtung f\u00fcr Frauen, die 1975 von Bewohnerinnen im Stadtteil gegr\u00fcndet wurde. Ziel des Vereins ist es, Kontakte zwischen Frauen in allen Lebenssituationen zu f\u00f6rdern und ihrer Isolation entgegen zu wirken.<\/p>\n<p>Durch Gespr\u00e4che, Austausch von Erfahrungen und Informations-<br \/>\nveranstaltungen sollen Anregungen und Unterst\u00fctzung zur Verbesserung der Lebens- und Arbeitsbedingungen von Frauen gegeben werden. Der Frauentreffpunkt wird von den Vereinsfrauen selbst verwaltet und lebt durch die Eigeninitiative und das Engagement aktiver Frauen. Der Frauentreffpunkt ist gemeinn\u00fctzig, parteilich und konfessionell nicht gebunden.<\/p>\n<figure id=\"attachment_19925\" aria-describedby=\"caption-attachment-19925\" style=\"width: 580px\" class=\"wp-caption alignnone\"><a href=\"https:\/\/www.neuperlach.org\/blog\/wp-content\/uploads\/2023\/05\/Frauentreffpunkt_Map.jpg\"><img loading=\"lazy\" decoding=\"async\" class=\"size-large wp-image-19925\" src=\"https:\/\/www.neuperlach.org\/blog\/wp-content\/uploads\/2023\/05\/Frauentreffpunkt_Map-964x1024.jpg\" alt=\"Frauentreffpunkt Map\" width=\"580\" height=\"616\" srcset=\"https:\/\/www.neuperlach.org\/blog\/wp-content\/uploads\/2023\/05\/Frauentreffpunkt_Map-964x1024.jpg 964w, https:\/\/www.neuperlach.org\/blog\/wp-content\/uploads\/2023\/05\/Frauentreffpunkt_Map-282x300.jpg 282w, https:\/\/www.neuperlach.org\/blog\/wp-content\/uploads\/2023\/05\/Frauentreffpunkt_Map-768x816.jpg 768w, https:\/\/www.neuperlach.org\/blog\/wp-content\/uploads\/2023\/05\/Frauentreffpunkt_Map-1200x1275.jpg 1200w, https:\/\/www.neuperlach.org\/blog\/wp-content\/uploads\/2023\/05\/Frauentreffpunkt_Map.jpg 1404w\" sizes=\"auto, (max-width: 580px) 100vw, 580px\" \/><\/a><figcaption id=\"caption-attachment-19925\" class=\"wp-caption-text\">Umgebungskarte<\/figcaption><\/figure>\n<p>Wir sind erreichbar mit der U5\u00a0(Neuperlach Zentrum, weiter mit den Bussen 55, 198 und 197-Au\u00dfenring jeweils Richtung Waldperlach bis Haltestelle Krankenhaus Neuperlach <sup>1)<\/sup><br \/>\noder mit dem Bus 197-Au\u00dfenring bis zur Haltestelle<br \/>\nOskar-Maria-Graf-Ring <sup>2)<\/sup><\/p>\n<h6>Kontakt<\/h6>\n<p>Frauentreffpunkt Neuperlach<br \/>\nOskar-Maria-Graf-Ring 20<br \/>\n81737 M\u00fcnchen<br \/>\nTel: 089\/670 64 63<br \/>\n<a href=\"mailto:info@frauentreffpunkt-neuperlach.de\">info@frauentreffpunkt-neuperlach.de<\/a><br \/>\n<a href=\"https:\/\/frauentreffpunktneuperlach.de\/\" target=\"_blank\" rel=\"noopener noreferrer\">https:\/\/frauentreffpunkt-neuperlach.de<\/a><\/p>\n<h6>\u00d6ffnungszeiten<\/h6>\n<p>Montag 9:30 bis 12 Uhr und 15 bis 18 Uhr<br \/>\nDienstag 9 bis 13 Uhr und 16 bis 18 Uhr<br \/>\nMittwoch 10 bis 13 Uhr<br \/>\nDonnerstag 9:30 bis 12 und 16 bis 18 Uhr<br \/>\nFreitag 9:30 bis 12:30 Uhr<\/p>\n<h3>&#8222;Stattpark Olga&#8220; an unserem Stadtpark, dem Ostpark<\/h3>\n<figure id=\"attachment_19910\" aria-describedby=\"caption-attachment-19910\" style=\"width: 300px\" class=\"wp-caption alignleft\"><a href=\"https:\/\/www.neuperlach.org\/blog\/wp-content\/uploads\/2023\/04\/IMG_5197.jpg\"><img loading=\"lazy\" decoding=\"async\" class=\"size-medium wp-image-19910\" src=\"https:\/\/www.neuperlach.org\/blog\/wp-content\/uploads\/2023\/04\/IMG_5197-300x225.jpg\" alt=\"Stattpark Olga\" width=\"300\" height=\"225\" srcset=\"https:\/\/www.neuperlach.org\/blog\/wp-content\/uploads\/2023\/04\/IMG_5197-300x225.jpg 300w, https:\/\/www.neuperlach.org\/blog\/wp-content\/uploads\/2023\/04\/IMG_5197-1024x768.jpg 1024w, https:\/\/www.neuperlach.org\/blog\/wp-content\/uploads\/2023\/04\/IMG_5197-768x576.jpg 768w, https:\/\/www.neuperlach.org\/blog\/wp-content\/uploads\/2023\/04\/IMG_5197-1536x1152.jpg 1536w, https:\/\/www.neuperlach.org\/blog\/wp-content\/uploads\/2023\/04\/IMG_5197-2048x1536.jpg 2048w, https:\/\/www.neuperlach.org\/blog\/wp-content\/uploads\/2023\/04\/IMG_5197-1200x900.jpg 1200w, https:\/\/www.neuperlach.org\/blog\/wp-content\/uploads\/2023\/04\/IMG_5197-1980x1485.jpg 1980w\" sizes=\"auto, (max-width: 300px) 100vw, 300px\" \/><\/a><figcaption id=\"caption-attachment-19910\" class=\"wp-caption-text\">Stattpark Olga (22.04.2023) \u00a9 Thomas Irlbeck<\/figcaption><\/figure>\n<figure id=\"attachment_19908\" aria-describedby=\"caption-attachment-19908\" style=\"width: 300px\" class=\"wp-caption alignright\"><a href=\"https:\/\/www.neuperlach.org\/blog\/wp-content\/uploads\/2023\/04\/IMG_5200.jpg\"><img loading=\"lazy\" decoding=\"async\" class=\"size-medium wp-image-19908\" src=\"https:\/\/www.neuperlach.org\/blog\/wp-content\/uploads\/2023\/04\/IMG_5200-300x225.jpg\" alt=\"Stattpark Olga\" width=\"300\" height=\"225\" srcset=\"https:\/\/www.neuperlach.org\/blog\/wp-content\/uploads\/2023\/04\/IMG_5200-300x225.jpg 300w, https:\/\/www.neuperlach.org\/blog\/wp-content\/uploads\/2023\/04\/IMG_5200-1024x768.jpg 1024w, https:\/\/www.neuperlach.org\/blog\/wp-content\/uploads\/2023\/04\/IMG_5200-768x576.jpg 768w, https:\/\/www.neuperlach.org\/blog\/wp-content\/uploads\/2023\/04\/IMG_5200-1536x1152.jpg 1536w, https:\/\/www.neuperlach.org\/blog\/wp-content\/uploads\/2023\/04\/IMG_5200-2048x1536.jpg 2048w, https:\/\/www.neuperlach.org\/blog\/wp-content\/uploads\/2023\/04\/IMG_5200-1200x900.jpg 1200w, https:\/\/www.neuperlach.org\/blog\/wp-content\/uploads\/2023\/04\/IMG_5200-1980x1485.jpg 1980w\" sizes=\"auto, (max-width: 300px) 100vw, 300px\" \/><\/a><figcaption id=\"caption-attachment-19908\" class=\"wp-caption-text\">Stattpark Olga (22.04.2023) \u00a9 Thomas Irlbeck<\/figcaption><\/figure>\n<p>Der Stattpark Olga, der ehemals in Sendling-Westpark zu finden war, kam Anfang 2023 zu uns nach Neuperlach.<\/p>\n<h4>Eigenauskunft<\/h4>\n<blockquote><p>Wir sind Stattpark OLGA: ein Wohn- und Kultur-Raum. Wir sind mobil mit Bauw\u00e4gen und LKWs, in denen wir wohnen und mit denen wir Aktivit\u00e4t auf eine vormals unbespielte Fl\u00e4che bringen.<\/p><\/blockquote>\n<figure id=\"attachment_19906\" aria-describedby=\"caption-attachment-19906\" style=\"width: 300px\" class=\"wp-caption alignleft\"><a href=\"https:\/\/www.neuperlach.org\/blog\/wp-content\/uploads\/2023\/04\/IMG_5206.jpg\"><img loading=\"lazy\" decoding=\"async\" class=\"size-medium wp-image-19906\" src=\"https:\/\/www.neuperlach.org\/blog\/wp-content\/uploads\/2023\/04\/IMG_5206-300x225.jpg\" alt=\"Stattpark Olga\" width=\"300\" height=\"225\" srcset=\"https:\/\/www.neuperlach.org\/blog\/wp-content\/uploads\/2023\/04\/IMG_5206-300x225.jpg 300w, https:\/\/www.neuperlach.org\/blog\/wp-content\/uploads\/2023\/04\/IMG_5206-1024x768.jpg 1024w, https:\/\/www.neuperlach.org\/blog\/wp-content\/uploads\/2023\/04\/IMG_5206-768x576.jpg 768w, https:\/\/www.neuperlach.org\/blog\/wp-content\/uploads\/2023\/04\/IMG_5206-1536x1152.jpg 1536w, https:\/\/www.neuperlach.org\/blog\/wp-content\/uploads\/2023\/04\/IMG_5206-2048x1536.jpg 2048w, https:\/\/www.neuperlach.org\/blog\/wp-content\/uploads\/2023\/04\/IMG_5206-1200x900.jpg 1200w, https:\/\/www.neuperlach.org\/blog\/wp-content\/uploads\/2023\/04\/IMG_5206-1980x1485.jpg 1980w\" sizes=\"auto, (max-width: 300px) 100vw, 300px\" \/><\/a><figcaption id=\"caption-attachment-19906\" class=\"wp-caption-text\">Stattpark Olga (22.04.2023) \u00a9 Thomas Irlbeck<\/figcaption><\/figure>\n<figure id=\"attachment_19909\" aria-describedby=\"caption-attachment-19909\" style=\"width: 300px\" class=\"wp-caption alignright\"><a href=\"https:\/\/www.neuperlach.org\/blog\/wp-content\/uploads\/2023\/04\/IMG_5196.jpg\"><img loading=\"lazy\" decoding=\"async\" class=\"size-medium wp-image-19909\" src=\"https:\/\/www.neuperlach.org\/blog\/wp-content\/uploads\/2023\/04\/IMG_5196-300x225.jpg\" alt=\"Stattpark Olga\" width=\"300\" height=\"225\" srcset=\"https:\/\/www.neuperlach.org\/blog\/wp-content\/uploads\/2023\/04\/IMG_5196-300x225.jpg 300w, https:\/\/www.neuperlach.org\/blog\/wp-content\/uploads\/2023\/04\/IMG_5196-1024x768.jpg 1024w, https:\/\/www.neuperlach.org\/blog\/wp-content\/uploads\/2023\/04\/IMG_5196-768x576.jpg 768w, https:\/\/www.neuperlach.org\/blog\/wp-content\/uploads\/2023\/04\/IMG_5196-1536x1152.jpg 1536w, https:\/\/www.neuperlach.org\/blog\/wp-content\/uploads\/2023\/04\/IMG_5196-2048x1536.jpg 2048w, https:\/\/www.neuperlach.org\/blog\/wp-content\/uploads\/2023\/04\/IMG_5196-1200x900.jpg 1200w, https:\/\/www.neuperlach.org\/blog\/wp-content\/uploads\/2023\/04\/IMG_5196-1980x1485.jpg 1980w\" sizes=\"auto, (max-width: 300px) 100vw, 300px\" \/><\/a><figcaption id=\"caption-attachment-19909\" class=\"wp-caption-text\">Stattpark Olga (22.04.2023) \u00a9 Thomas Irlbeck<\/figcaption><\/figure>\n<h4>Angebote<\/h4>\n<p>Angeboten werden Caf\u00e9, Fahrradwerkstatt, Umsonstladen, Gartenprojekt und vieles mehr.<\/p>\n<p>Zu finden ist der Stattpark Olga an der Heinrich-Wieland-Stra\u00dfe 90. Das ist am Fu\u00dfe des Ostparks, also auf der linken Seite, wenn man Richtung Michaelibad blickt. Etwa auf H\u00f6he der Asylbewerberunterkunft ist der Eingang.<\/p>\n<figure id=\"attachment_19907\" aria-describedby=\"caption-attachment-19907\" style=\"width: 300px\" class=\"wp-caption alignleft\"><a href=\"https:\/\/www.neuperlach.org\/blog\/wp-content\/uploads\/2023\/04\/IMG_5198.jpg\"><img loading=\"lazy\" decoding=\"async\" class=\"size-medium wp-image-19907\" src=\"https:\/\/www.neuperlach.org\/blog\/wp-content\/uploads\/2023\/04\/IMG_5198-300x225.jpg\" alt=\"Stattpark Olga\" width=\"300\" height=\"225\" srcset=\"https:\/\/www.neuperlach.org\/blog\/wp-content\/uploads\/2023\/04\/IMG_5198-300x225.jpg 300w, https:\/\/www.neuperlach.org\/blog\/wp-content\/uploads\/2023\/04\/IMG_5198-1024x768.jpg 1024w, https:\/\/www.neuperlach.org\/blog\/wp-content\/uploads\/2023\/04\/IMG_5198-768x576.jpg 768w, https:\/\/www.neuperlach.org\/blog\/wp-content\/uploads\/2023\/04\/IMG_5198-1536x1152.jpg 1536w, https:\/\/www.neuperlach.org\/blog\/wp-content\/uploads\/2023\/04\/IMG_5198-2048x1536.jpg 2048w, https:\/\/www.neuperlach.org\/blog\/wp-content\/uploads\/2023\/04\/IMG_5198-1200x900.jpg 1200w, https:\/\/www.neuperlach.org\/blog\/wp-content\/uploads\/2023\/04\/IMG_5198-1980x1485.jpg 1980w\" sizes=\"auto, (max-width: 300px) 100vw, 300px\" \/><\/a><figcaption id=\"caption-attachment-19907\" class=\"wp-caption-text\">Stattpark Olga (22.04.2023) \u00a9 Thomas Irlbeck<\/figcaption><\/figure>\n<figure id=\"attachment_19905\" aria-describedby=\"caption-attachment-19905\" style=\"width: 225px\" class=\"wp-caption alignright\"><a href=\"https:\/\/www.neuperlach.org\/blog\/wp-content\/uploads\/2023\/04\/IMG_5203.jpg\"><img loading=\"lazy\" decoding=\"async\" class=\"size-medium wp-image-19905\" src=\"https:\/\/www.neuperlach.org\/blog\/wp-content\/uploads\/2023\/04\/IMG_5203-225x300.jpg\" alt=\"Stattpark Olga\" width=\"225\" height=\"300\" srcset=\"https:\/\/www.neuperlach.org\/blog\/wp-content\/uploads\/2023\/04\/IMG_5203-225x300.jpg 225w, https:\/\/www.neuperlach.org\/blog\/wp-content\/uploads\/2023\/04\/IMG_5203-768x1024.jpg 768w, https:\/\/www.neuperlach.org\/blog\/wp-content\/uploads\/2023\/04\/IMG_5203-1152x1536.jpg 1152w, https:\/\/www.neuperlach.org\/blog\/wp-content\/uploads\/2023\/04\/IMG_5203-1536x2048.jpg 1536w, https:\/\/www.neuperlach.org\/blog\/wp-content\/uploads\/2023\/04\/IMG_5203-1200x1600.jpg 1200w, https:\/\/www.neuperlach.org\/blog\/wp-content\/uploads\/2023\/04\/IMG_5203.jpg 1920w\" sizes=\"auto, (max-width: 225px) 100vw, 225px\" \/><\/a><figcaption id=\"caption-attachment-19905\" class=\"wp-caption-text\">Stattpark Olga (22.04.2023) \u00a9 Thomas Irlbeck<\/figcaption><\/figure>\n<p>Zu sehen ist der Eingangsbereich mit einem schwarzen (eigentlich blauen) Brett sowie dem &#8222;Umsonstladen&#8220;, einer Art B\u00fcchertauschschrank, wobei man hier auch noch anderes als B\u00fccher abgeben und mitnehmen kann.<\/p>\n<p>Mehr zum Stattpark Olga hier: <a href=\"https:\/\/olga089.de\/\" target=\"_blank\" rel=\"noopener\">olga089.de<\/a><\/p>\n<p>&nbsp;<\/p>\n","protected":false},"excerpt":{"rendered":"<p>Feierwerk S\u00fcdpolstation Zitat Website Feierwerk S\u00fcdpolstation: Die Kinder- und Jugendfreizeitst\u00e4tte S\u00fcdpolstation gibt es in Neuperlach S\u00fcd bereits seit 1991. Mit ihren 957 m\u00b2 Nutzfl\u00e4che geh\u00f6rt die 2015 neuer\u00f6ffnete S\u00fcdpolstation zu den gr\u00f6\u00dften und am besten ausgestatteten Jugendeinrichtungen M\u00fcnchens. Adresse: Gustav-Heinemann-Ring 19, 81739 M\u00fcnchen, Telefon: 089\/637 37 87 Noch viel zu entdecken im Frauentreffpunkt Neuperlach &nbsp; [&hellip;]<\/p>\n","protected":false},"author":1,"featured_media":0,"parent":0,"menu_order":0,"comment_status":"closed","ping_status":"closed","template":"","meta":{"footnotes":""},"class_list":["post-16509","page","type-page","status-publish","hentry"],"_links":{"self":[{"href":"https:\/\/www.neuperlach.org\/blog\/wp-json\/wp\/v2\/pages\/16509","targetHints":{"allow":["GET"]}}],"collection":[{"href":"https:\/\/www.neuperlach.org\/blog\/wp-json\/wp\/v2\/pages"}],"about":[{"href":"https:\/\/www.neuperlach.org\/blog\/wp-json\/wp\/v2\/types\/page"}],"author":[{"embeddable":true,"href":"https:\/\/www.neuperlach.org\/blog\/wp-json\/wp\/v2\/users\/1"}],"replies":[{"embeddable":true,"href":"https:\/\/www.neuperlach.org\/blog\/wp-json\/wp\/v2\/comments?post=16509"}],"version-history":[{"count":0,"href":"https:\/\/www.neuperlach.org\/blog\/wp-json\/wp\/v2\/pages\/16509\/revisions"}],"wp:attachment":[{"href":"https:\/\/www.neuperlach.org\/blog\/wp-json\/wp\/v2\/media?parent=16509"}],"curies":[{"name":"wp","href":"https:\/\/api.w.org\/{rel}","templated":true}]}}